{"id":1090,"date":"2009-11-10T11:16:45","date_gmt":"2009-11-10T09:16:45","guid":{"rendered":"https:\/\/blog.arcimowicz.com\/?page_id=1090"},"modified":"2013-06-18T12:12:08","modified_gmt":"2013-06-18T11:12:08","slug":"top10","status":"publish","type":"page","link":"https:\/\/blog.arcimowicz.com\/?page_id=1090","title":{"rendered":"INSPIRACJE"},"content":{"rendered":"<p>Muzyka i d\u017awi\u0119k, nie obraz &#8211; odk\u0105d si\u0119gam pami\u0119ci\u0105 &#8211; zawsze by\u0142a moj\u0105 najwi\u0119ksz\u0105 pasj\u0105, inspiracj\u0105, nami\u0119tno\u015bci\u0105. \u017bycie potoczy\u0142o si\u0119 tak, \u017ce zosta\u0142em najpierw studentem wydzia\u0142u architektury, a nast\u0119pnie fotografem. Pewnie nie mia\u0142em do\u015b\u0107 talentu do gry, a tym bardziej do \u015bpiewu. Pierwszy aparat i obiektywy kupi\u0142em sprzedaj\u0105c ukochan\u0105 gitar\u0119 &#8211; Fender Stratocaster i podj\u0105\u0142em decyzj\u0119 o odpuszczeniu nauki gry&#8230; Do dzi\u015b brak mi tego co rodzi si\u0119 mi\u0119dzy muzykami, nawet zupe\u0142nie amatorsko jammuj\u0105cymi. W fotografii nie znalaz\u0142em niczego, co dawa\u0142oby podobnego &#8222;kopa&#8221;.<br \/>\nMuzyka nadal zajmuje wa\u017cne miejsce w moim \u017cyciu. Nie mam telewizora, za to muzyki mo\u017cna pos\u0142ucha\u0107 wsz\u0119dzie, szczeg\u00f3lnie w mojej pracowni. Filmy, jako ruchome obrazy podparte muzyk\u0105 &#8211; stanowi\u0105 naturaln\u0105 baz\u0119 inspiracji dla fotografa. Uwielbiam polskich operator\u00f3w. S\u0142awomir Idziak zmieni\u0142 moje podej\u015bcie do fotografii g\u00f3rskiej i sportu, Pawe\u0142 Edelman &#8211; pokaza\u0142 jak pracowa\u0107 \u015bwiat\u0142em, jak je modelowa\u0107 &#8211; do wytworzenia nastroju. To s\u0105 mistrzowie.<\/p>\n<p><strong>TOP 10 nie jest niezmienny &#8211; zw\u0142aszcza najch\u0119tniej s\u0142uchane kawa\u0142ki. Pewnie z czasem nast\u0105pi przetasowanie, co jaki\u015b czas przypomn\u0119 sobie co\u015b starego albo znajd\u0119 \u015bwie\u017ce mi\u0119sko!<\/strong><\/p>\n<p><span style=\"text-decoration: underline;\">P\u0141YTY, KT\u00d3RYCH MOG\u0118 S\u0141UCHA\u0106 BEZ KO\u0143CA:<\/span><\/p>\n<p>1.Jimi Hendrix &#8211; &#8222;Electric Ladyland&#8221;<br \/>\n2.Buckshot LeFonque &#8211; &#8222;Music Evolution&#8221;<br \/>\n3.David Sylvian &#8211; &#8222;Secrets Of The Beehive&#8221;<br \/>\n4.Skunk Anansie &#8211; &#8222;Stoosh&#8221;<br \/>\n5.J.J. Cale &#8211; &#8222;Shades&#8221;<br \/>\n6.Cannobal Aderley &#8211; &#8222;Know What I Mean&#8221;<br \/>\n7.Michael Brook &amp; Nusrat Fateh Ali Khan &#8211; &#8222;Night Song&#8221;<br \/>\n8.Allan Parson&#8217;s Project &#8211; &#8222;Tales Of Mystery And Imagination Of E.A.Poe&#8221;<br \/>\n9.The Beatles &#8211; &#8222;Let It Be&#8221;<br \/>\n10.Ravi Shankar &amp; Philip Glass &#8222;Passages&#8221;<\/p>\n<p><span style=\"text-decoration: underline;\">ULUBIONE KAWA\u0141KI<\/span><\/p>\n<p>1. Nac\u00ed En \u00c1lamo (Vengo) \/\/ Yasmin Levy<br \/>\n2. All along The Watch Tower \/ VooDoo Chile \/\/ Jimi Hendrix<br \/>\n3. While My Guitar Gently Weeps \/\/ The Beatles w\/E.Clapton<br \/>\n4. Phoenix \/\/ Buckshot LeFonque<br \/>\n5. Barra Barra \/ Rachid Taha<br \/>\n6. Faded \/\/ Ben Harper<br \/>\n7. Long And Winding Road \/\/ The Beatles<br \/>\n8. Charlie Big Potato \/\/ Skunk Anansie<br \/>\n9. My Sweet Lord \/\/ George Harrison<br \/>\n10. Little Wing (wersja koncertowa) \/\/ Jimi Hendrix<\/p>\n<p><span style=\"text-decoration: underline;\">WA\u017bNE FILMY<\/span><\/p>\n<p>1. Sheltering Sky \/ Bernardo Bertolucci<br \/>\n2. Blade Runner \/ Ridley Scott<br \/>\n3. Ghost Dog \/ Jim Jarmush<br \/>\n4. Himalaya (Caravan) \/ Eric Valli<br \/>\n5. Steep \/ Mark Obenhaus<br \/>\n6. Interstate 60 \/ Bob Gale<br \/>\n7. Code 46 \/ Michael Winterbottom<br \/>\n8. Control \/ Anton Corbijn<br \/>\n9. Seksmisja \/ Juliusz Machulski<br \/>\n10. Bridges Of Madison County \/ Clint Eastwood<\/p>\n","protected":false},"excerpt":{"rendered":"<p>Muzyka i d\u017awi\u0119k, nie obraz &#8211; odk\u0105d si\u0119gam pami\u0119ci\u0105 &#8211; zawsze by\u0142a moj\u0105 najwi\u0119ksz\u0105 pasj\u0105, inspiracj\u0105, nami\u0119tno\u015bci\u0105. \u017bycie potoczy\u0142o si\u0119 tak, \u017ce zosta\u0142em najpierw studentem wydzia\u0142u architektury, a nast\u0119pnie fotografem. Pewnie nie mia\u0142em do\u015b\u0107 talentu do gry, a tym bardziej do \u015bpiewu. Pierwszy aparat i obiektywy kupi\u0142em sprzedaj\u0105c ukochan\u0105 gitar\u0119 &#8211; Fender Stratocaster i podj\u0105\u0142em&#8230;<\/p>\n<div class=\"read_more\"><a href=\"https:\/\/blog.arcimowicz.com\/?page_id=1090\">Read More<\/a><\/div>\n","protected":false},"author":1,"featured_media":0,"parent":0,"menu_order":0,"comment_status":"open","ping_status":"open","template":"","meta":{"footnotes":""},"_links":{"self":[{"href":"https:\/\/blog.arcimowicz.com\/index.php?rest_route=\/wp\/v2\/pages\/1090"}],"collection":[{"href":"https:\/\/blog.arcimowicz.com\/index.php?rest_route=\/wp\/v2\/pages"}],"about":[{"href":"https:\/\/blog.arcimowicz.com\/index.php?rest_route=\/wp\/v2\/types\/page"}],"author":[{"embeddable":true,"href":"https:\/\/blog.arcimowicz.com\/index.php?rest_route=\/wp\/v2\/users\/1"}],"replies":[{"embeddable":true,"href":"https:\/\/blog.arcimowicz.com\/index.php?rest_route=%2Fwp%2Fv2%2Fcomments&post=1090"}],"version-history":[{"count":13,"href":"https:\/\/blog.arcimowicz.com\/index.php?rest_route=\/wp\/v2\/pages\/1090\/revisions"}],"predecessor-version":[{"id":2005,"href":"https:\/\/blog.arcimowicz.com\/index.php?rest_route=\/wp\/v2\/pages\/1090\/revisions\/2005"}],"wp:attachment":[{"href":"https:\/\/blog.arcimowicz.com\/index.php?rest_route=%2Fwp%2Fv2%2Fmedia&parent=1090"}],"curies":[{"name":"wp","href":"https:\/\/api.w.org\/{rel}","templated":true}]}}