{"id":197,"date":"2008-09-15T22:16:20","date_gmt":"2008-09-15T20:16:20","guid":{"rendered":"https:\/\/blog.arcimowicz.com\/?page_id=197"},"modified":"2013-07-09T00:57:26","modified_gmt":"2013-07-08T23:57:26","slug":"o-podrozach","status":"publish","type":"page","link":"https:\/\/blog.arcimowicz.com\/?page_id=197","title":{"rendered":"FILOZOFIA, MEDYTACJA&#8230;"},"content":{"rendered":"<p style=\"text-align: justify;\">Odwiedzaj\u0105c kraj koczownik\u00f3w \u2013 zosta\u0144 koczownikiem (na czas podr\u00f3\u017cy).<\/p>\n<p style=\"text-align: justify;\">Niezale\u017cnie czy jest to kajak, czy piesza w\u0119dr\u00f3wka przez pustyni\u0119 ze zgrzytem piasku w z\u0119bach, mozolne pi\u0119cie si\u0119 w strugach potu, metr za metrem do g\u00f3ry albo finezyjna wspinaczka, kr\u0119cenie peda\u0142ami celem nawini\u0119cia w ko\u0144cu tego przekl\u0119tego \u0142a\u0144cucha, czy szuranie nartami w otaczaj\u0105cej, wszechobecnej bieli Arktyki i z krety\u0144sko przytroczonymi ci\u0119\u017ckimi saneczkami (my\u015bl\u0119 o pulkach),&#8230;<\/p>\n<p style=\"text-align: justify;\">Wszystko to, mimo tak wielu r\u00f3\u017cnic ma jedn\u0105 zdecydowanie wsp\u00f3ln\u0105 cech\u0119 \u2013 medytacj\u0119.<br \/>\nZapominasz o wszystkim, stajesz si\u0119 marszem. Zostajesz wiatrem, s\u0142o\u0144cem, przestrzeni\u0105. Od czasu do czasu zapominasz nawet o przemieszczaniu si\u0119, istocie twego dzia\u0142ania. My\u015bli b\u0142\u0105dz\u0105 gdzie\u015b po \u015bwiecie, daleko w\u015br\u00f3d spraw i ludzi, kt\u00f3re zosta\u0142y za tob\u0105 gdzie\u015b w odleg\u0142ym \u015bwiecie. Dom, rodzina, praca, szef, kumple, piwo w knajpie, telewizja powoli odchodz\u0105 na bezpieczn\u0105, nie zanieczyszczaj\u0105c\u0105 twego umys\u0142u odleg\u0142o\u015b\u0107. Zaczynasz wszystko to widzie\u0107 z innej perspektywy, oddali, z lotu ptaka. \u017bycie nabiera innego wymiaru-zaczynasz dostrzega\u0107, co w nim jest naprawd\u0119 wa\u017cne, a co zupe\u0142nie, ale to zupe\u0142nie pomylone.<\/p>\n<p style=\"text-align: justify;\">Rodzisz si\u0119 na nowo.<br \/>\nOczyszczasz&#8230;<\/p>\n<p style=\"text-align: justify;\">Przez to nigdy ju\u017c nie wracamy takimi, jakimi wyjechali\u015bmy, a \u015bwiat obserwujemy innymi oczami.<br \/>\nTakie chwile o\u015bwiecenia wci\u0105gaj\u0105 i nie pozwalaj\u0105 d\u0142ugo egzystowa\u0107 w cywilizowanym \u015bwiecie bez kolejnych spe\u0142nie\u0144.<\/p>\n<p style=\"text-align: justify;\">Natur\u0105 cz\u0142owieka jest dziko\u015b\u0107.\u00a0Zespolenie z lasem, traw\u0105, \u015bniegiem i lodem, blaskiem s\u0142o\u0144ca, gwiazdami, &#8230;<br \/>\nI tym jest <strong>OUTDOOR<\/strong> dla mnie.<\/p>\n<p style=\"text-align: justify;\">Mo\u017ce cz\u0119\u015b\u0107 z nas ju\u017c silnie zakorzeni\u0142a si\u0119 w wygodnym, ale jak\u017ce md\u0142ym, bezbarwnym mieszcza\u0144skim \u017cyciu.\u00a0A tam, pod parasolem nieba, wielu odnajduje sw\u0105 ukryt\u0105, zapomnian\u0105 natur\u0119.<\/p>\n<p style=\"text-align: justify;\">Dusz\u0119 nomady.<\/p>\n<p style=\"text-align: justify;\"><em>(Mongolia, listopad roku 2000)<\/em><\/p>\n<p style=\"text-align: justify;\"><a href=\"https:\/\/blog.arcimowicz.com\/?attachment_id=2119\" rel=\"attachment wp-att-2119\"><img loading=\"lazy\" decoding=\"async\" class=\"alignnone size-medium wp-image-2119\" title=\"Mongolia;  \u00a9 Marek Arcimowicz\" src=\"https:\/\/blog.arcimowicz.com\/wp-content\/uploads\/2008\/09\/m-013-500x327.jpg\" alt=\"\" width=\"500\" height=\"327\" srcset=\"https:\/\/blog.arcimowicz.com\/wp-content\/uploads\/2008\/09\/m-013-500x327.jpg 500w, https:\/\/blog.arcimowicz.com\/wp-content\/uploads\/2008\/09\/m-013-1024x670.jpg 1024w, https:\/\/blog.arcimowicz.com\/wp-content\/uploads\/2008\/09\/m-013.jpg 1374w\" sizes=\"(max-width: 500px) 100vw, 500px\" \/><\/a><\/p>\n<p>&nbsp;<\/p>\n","protected":false},"excerpt":{"rendered":"<p>Odwiedzaj\u0105c kraj koczownik\u00f3w \u2013 zosta\u0144 koczownikiem (na czas podr\u00f3\u017cy). Niezale\u017cnie czy jest to kajak, czy piesza w\u0119dr\u00f3wka przez pustyni\u0119 ze zgrzytem piasku w z\u0119bach, mozolne pi\u0119cie si\u0119 w strugach potu, metr za metrem do g\u00f3ry albo finezyjna wspinaczka, kr\u0119cenie peda\u0142ami celem nawini\u0119cia w ko\u0144cu tego przekl\u0119tego \u0142a\u0144cucha, czy szuranie nartami w otaczaj\u0105cej, wszechobecnej bieli Arktyki&#8230;<\/p>\n<div class=\"read_more\"><a href=\"https:\/\/blog.arcimowicz.com\/?page_id=197\">Read More<\/a><\/div>\n","protected":false},"author":1,"featured_media":0,"parent":0,"menu_order":0,"comment_status":"open","ping_status":"open","template":"","meta":{"footnotes":""},"_links":{"self":[{"href":"https:\/\/blog.arcimowicz.com\/index.php?rest_route=\/wp\/v2\/pages\/197"}],"collection":[{"href":"https:\/\/blog.arcimowicz.com\/index.php?rest_route=\/wp\/v2\/pages"}],"about":[{"href":"https:\/\/blog.arcimowicz.com\/index.php?rest_route=\/wp\/v2\/types\/page"}],"author":[{"embeddable":true,"href":"https:\/\/blog.arcimowicz.com\/index.php?rest_route=\/wp\/v2\/users\/1"}],"replies":[{"embeddable":true,"href":"https:\/\/blog.arcimowicz.com\/index.php?rest_route=%2Fwp%2Fv2%2Fcomments&post=197"}],"version-history":[{"count":21,"href":"https:\/\/blog.arcimowicz.com\/index.php?rest_route=\/wp\/v2\/pages\/197\/revisions"}],"predecessor-version":[{"id":210,"href":"https:\/\/blog.arcimowicz.com\/index.php?rest_route=\/wp\/v2\/pages\/197\/revisions\/210"}],"wp:attachment":[{"href":"https:\/\/blog.arcimowicz.com\/index.php?rest_route=%2Fwp%2Fv2%2Fmedia&parent=197"}],"curies":[{"name":"wp","href":"https:\/\/api.w.org\/{rel}","templated":true}]}}