{"id":2,"date":"2008-09-01T15:45:27","date_gmt":"2008-09-01T13:45:27","guid":{"rendered":"https:\/\/blog.arcimowicz.com\/?page_id=2"},"modified":"2013-06-20T23:48:25","modified_gmt":"2013-06-20T22:48:25","slug":"about","status":"publish","type":"page","link":"https:\/\/blog.arcimowicz.com\/?page_id=2","title":{"rendered":"AUTOR"},"content":{"rendered":"<p><img loading=\"lazy\" decoding=\"async\" class=\"wp-image-2067 alignleft\" title=\"DSC00112\" src=\"https:\/\/blog.arcimowicz.com\/wp-content\/uploads\/2008\/09\/DSC00112-500x500.jpg\" alt=\"\" width=\"300\" height=\"300\" srcset=\"https:\/\/blog.arcimowicz.com\/wp-content\/uploads\/2008\/09\/DSC00112-500x500.jpg 500w, https:\/\/blog.arcimowicz.com\/wp-content\/uploads\/2008\/09\/DSC00112-100x100.jpg 100w, https:\/\/blog.arcimowicz.com\/wp-content\/uploads\/2008\/09\/DSC00112-1024x1024.jpg 1024w, https:\/\/blog.arcimowicz.com\/wp-content\/uploads\/2008\/09\/DSC00112.jpg 1500w\" sizes=\"(max-width: 300px) 100vw, 300px\" \/><\/p>\n<p style=\"text-align: left;\"><strong>MAREK ARCIMOWICZ<\/strong> (1972).<\/p>\n<p style=\"text-align: left;\">Od kilkunastu lat <strong>zawodowo &#8211; fotograf od \u201ezada\u0144 specjalnych\u201c<\/strong>.<br \/>\nZ wykszta\u0142cenia architekt-planista, instruktor narciarstwa.\u00a0Przez lata pracowa\u0142 multidyscyplinarnie &#8211; \u0142\u0105cz\u0105c funkcj\u0119 fotografa, testera i projektanta sprz\u0119tu.\u00a0Pracuje dla licz\u0105cych si\u0119 klient\u00f3w\u00a0i najwi\u0119kszych agencji reklamowych w Polsce i za granic\u0105. Z aparatem \u201ezaliczy\u0142\u201c wszystkie strefy geograficzne. Od roku 2000 do 2004 by\u0142 cz\u0142onkiem fotograficznej agencji PORTFOLIO. R\u00f3wnie\u017c od pocz\u0105tku, czyli od roku 1999 rozpocz\u0105\u0142 wsp\u00f3\u0142prac\u0119 z <a href=\"http:\/\/www.national-geographic.pl\/foto\/fotografia\/marek-arcimowicz\/\" target=\"_blank\">polsk\u0105 edycj\u0105 magazynu \u201e<\/a><strong><a href=\"http:\/\/www.national-geographic.pl\/foto\/fotografia\/marek-arcimowicz\/\" target=\"_blank\">National Geographic<\/a><\/strong><a href=\"http:\/\/www.national-geographic.pl\/foto\/fotografia\/marek-arcimowicz\/\" target=\"_blank\">\u201d<\/a>, gdzie opublikowa\u0142 kilka reporta\u017cy. Poza tym jego prace i artyku\u0142y publikowano na \u0142amach m.in.: &#8222;National Geographic Traveler&#8221;, \u201ePodr\u00f3\u017ce\u201d, \u201eFocus\u201d, \u201eGEO\u201d, \u201eCHIP &#8211; Photo-video-digital\u201d, \u201eG\u00f3ry\u201d, \u201eVoyage\u201d, \u201eNewsweek\u201d, \u201eWiedza i \u017bycie\u201d, \u201eGazeta Wyborcza\u201d, \u201eFoto-Pozytyw\u201d. Jego prace by\u0142y eksponowane na kilkunastu wystawach indywidualnych i zbiorowych, w tym na wystawie &#8222;Oczami Fotograf\u00f3w National Geographic&#8221;. Wielekrotny juror konkursow fotograficznych. Uczestnik XII i XIII Biennale Fotografii G\u00f3rskiej (jest dwukrotnym laureatem I nagrody).<\/p>\n<p style=\"text-align: left;\"><a href=\"http:\/\/www.lowepro.com\/photography-showcase\/marek-arcimowicz\">Od roku 2005 cz\u0142onek \u015bwiatowej &#8222;stajni&#8221; fotograf\u00f3w <\/a><strong><a href=\"http:\/\/www.lowepro.com\/photography-showcase\/marek-arcimowicz\">LOWEPRO<\/a><\/strong>. Wspierany ponadto przez <strong>VANTORO<\/strong>,\u00a0<strong>MERRELL, TILAK, SONY<\/strong>.<br \/>\nProwadzi mobilne studio foto\/graficzne &#8211; \u017cyje i pracuje w mi\u0119dzykontynentalnym rozkroku.<br \/>\nPoza prac\u0105 &#8211; mieszka z \u017con\u0105, dw\u00f3jk\u0105 dzieci i psem w g\u00f3rach.<\/p>\n<p style=\"text-align: justify;\"><img loading=\"lazy\" decoding=\"async\" class=\"alignnone size-medium wp-image-2064\" title=\"556867_10200150410229787_902832410_n\" src=\"https:\/\/blog.arcimowicz.com\/wp-content\/uploads\/2008\/09\/556867_10200150410229787_902832410_n-500x500.jpg\" alt=\"\" width=\"500\" height=\"500\" srcset=\"https:\/\/blog.arcimowicz.com\/wp-content\/uploads\/2008\/09\/556867_10200150410229787_902832410_n-500x500.jpg 500w, https:\/\/blog.arcimowicz.com\/wp-content\/uploads\/2008\/09\/556867_10200150410229787_902832410_n-100x100.jpg 100w, https:\/\/blog.arcimowicz.com\/wp-content\/uploads\/2008\/09\/556867_10200150410229787_902832410_n.jpg 771w\" sizes=\"(max-width: 500px) 100vw, 500px\" \/><\/p>\n<p><em><strong>&#8222;I didn&#8217;t choose my life in a mountains. It just happened.<br \/>\nI tried to become a normal person and have a normal job,\u00a0but that didn&#8217;t work.&#8221;<\/strong><\/em><\/p>\n<p><em><strong>(&#8222;Nie wybra\u0142em mojego \u017cycia w g\u00f3rach. Tak po prostu wysz\u0142o.<br \/>\nPr\u00f3bowa\u0142em zosta\u0107 normalnym cz\u0142owiekiem i mie\u0107 normaln\u0105 prac\u0119, ale nie da\u0142o si\u0119.&#8221;)<\/strong><\/em><\/p>\n<p><a href=\"www.dougcoombs.com\/\" target=\"_blank\">Doug Coombs<\/a> (1957-2006)<\/p>\n<p><img loading=\"lazy\" decoding=\"async\" class=\"alignnone  wp-image-105\" src=\"https:\/\/blog.arcimowicz.com\/wp-content\/uploads\/2008\/09\/ma_00045689_d_base_xxl_v2_8b.jpg\" alt=\"\" width=\"521\" height=\"162\" \/><\/p>\n","protected":false},"excerpt":{"rendered":"<p>MAREK ARCIMOWICZ (1972). Od kilkunastu lat zawodowo &#8211; fotograf od \u201ezada\u0144 specjalnych\u201c. Z wykszta\u0142cenia architekt-planista, instruktor narciarstwa.\u00a0Przez lata pracowa\u0142 multidyscyplinarnie &#8211; \u0142\u0105cz\u0105c funkcj\u0119 fotografa, testera i projektanta sprz\u0119tu.\u00a0Pracuje dla licz\u0105cych si\u0119 klient\u00f3w\u00a0i najwi\u0119kszych agencji reklamowych w Polsce i za granic\u0105. Z aparatem \u201ezaliczy\u0142\u201c wszystkie strefy geograficzne. Od roku 2000 do 2004 by\u0142 cz\u0142onkiem fotograficznej agencji&#8230;<\/p>\n<div class=\"read_more\"><a href=\"https:\/\/blog.arcimowicz.com\/?page_id=2\">Read More<\/a><\/div>\n","protected":false},"author":1,"featured_media":0,"parent":0,"menu_order":0,"comment_status":"closed","ping_status":"closed","template":"","meta":{"footnotes":""},"_links":{"self":[{"href":"https:\/\/blog.arcimowicz.com\/index.php?rest_route=\/wp\/v2\/pages\/2"}],"collection":[{"href":"https:\/\/blog.arcimowicz.com\/index.php?rest_route=\/wp\/v2\/pages"}],"about":[{"href":"https:\/\/blog.arcimowicz.com\/index.php?rest_route=\/wp\/v2\/types\/page"}],"author":[{"embeddable":true,"href":"https:\/\/blog.arcimowicz.com\/index.php?rest_route=\/wp\/v2\/users\/1"}],"replies":[{"embeddable":true,"href":"https:\/\/blog.arcimowicz.com\/index.php?rest_route=%2Fwp%2Fv2%2Fcomments&post=2"}],"version-history":[{"count":55,"href":"https:\/\/blog.arcimowicz.com\/index.php?rest_route=\/wp\/v2\/pages\/2\/revisions"}],"predecessor-version":[{"id":48,"href":"https:\/\/blog.arcimowicz.com\/index.php?rest_route=\/wp\/v2\/pages\/2\/revisions\/48"}],"wp:attachment":[{"href":"https:\/\/blog.arcimowicz.com\/index.php?rest_route=%2Fwp%2Fv2%2Fmedia&parent=2"}],"curies":[{"name":"wp","href":"https:\/\/api.w.org\/{rel}","templated":true}]}}